{"id":2,"date":"2021-11-15T09:38:35","date_gmt":"2021-11-15T08:38:35","guid":{"rendered":"http:\/\/shop.alifeofballooning.com\/wordpress\/?page_id=2"},"modified":"2023-11-17T10:49:38","modified_gmt":"2023-11-17T09:49:38","slug":"zahlungsarten","status":"publish","type":"page","link":"https:\/\/shop.alifeofballooning.com\/en\/zahlungsarten\/","title":{"rendered":"PAYMENT"},"content":{"rendered":"<p>The following payment methods are available in our store:<\/p>\n<ul>\n<li>PayPal<\/li>\n<li>Credit card (via PayPal - also possible without a PayPal account)<\/li>\n<li>Instant bank transfer<\/li>\n<\/ul>\n<p>If you have any questions, please send us an email to <a href=\"mailto:info@alifeofballooning.com\"><a href=\"mailto:info@alifeofballooning.com\" target=\"_self\">info@alifeofballooning.com<\/a><\/a>.<br \/>\nWe offer special conditions for bulk orders - please contact us!<\/p>","protected":false},"excerpt":{"rendered":"<p>Folgende Zahlungsarten stehen in unserem Shop zur Verf\u00fcgung: PayPal Kreditkarte (via PayPal &#8211; auch ohne PayPal-Konto m\u00f6glich) Sofort\u00fcberweisung Bei Fragen senden Sie uns bitte eine Mail an info@alifeofballooning.com. F\u00fcr Gro\u00dfbestellungen gew\u00e4hren wir Sonderkonditionen &#8211; bitte sprechen Sie uns an!<\/p>","protected":false},"author":1,"featured_media":0,"parent":0,"menu_order":0,"comment_status":"closed","ping_status":"open","template":"template-fullwidth.php","meta":{"footnotes":""},"class_list":["post-2","page","type-page","status-publish","hentry"],"_links":{"self":[{"href":"https:\/\/shop.alifeofballooning.com\/en\/wp-json\/wp\/v2\/pages\/2","targetHints":{"allow":["GET"]}}],"collection":[{"href":"https:\/\/shop.alifeofballooning.com\/en\/wp-json\/wp\/v2\/pages"}],"about":[{"href":"https:\/\/shop.alifeofballooning.com\/en\/wp-json\/wp\/v2\/types\/page"}],"author":[{"embeddable":true,"href":"https:\/\/shop.alifeofballooning.com\/en\/wp-json\/wp\/v2\/users\/1"}],"replies":[{"embeddable":true,"href":"https:\/\/shop.alifeofballooning.com\/en\/wp-json\/wp\/v2\/comments?post=2"}],"version-history":[{"count":7,"href":"https:\/\/shop.alifeofballooning.com\/en\/wp-json\/wp\/v2\/pages\/2\/revisions"}],"predecessor-version":[{"id":255,"href":"https:\/\/shop.alifeofballooning.com\/en\/wp-json\/wp\/v2\/pages\/2\/revisions\/255"}],"wp:attachment":[{"href":"https:\/\/shop.alifeofballooning.com\/en\/wp-json\/wp\/v2\/media?parent=2"}],"curies":[{"name":"wp","href":"https:\/\/api.w.org\/{rel}","templated":true}]}}